{"id":22,"date":"2024-01-16T16:37:39","date_gmt":"2024-01-16T15:37:39","guid":{"rendered":"http:\/\/735.a44.mywebsitetransfer.com\/?page_id=22"},"modified":"2024-06-29T11:16:40","modified_gmt":"2024-06-29T09:16:40","slug":"a-propos","status":"publish","type":"page","link":"https:\/\/www.gugger-guillod.ch\/de\/a-propos\/","title":{"rendered":"Wer sind wir"},"content":{"rendered":"","protected":false},"excerpt":{"rendered":"","protected":false},"author":1,"featured_media":0,"parent":0,"menu_order":0,"comment_status":"closed","ping_status":"closed","template":"","meta":{"footnotes":""},"class_list":["post-22","page","type-page","status-publish","hentry"],"yoast_head":"<!-- This site is optimized with the Yoast SEO plugin v27.4 - https:\/\/yoast.com\/product\/yoast-seo-wordpress\/ -->\n<title>Qui sommes-nous - Gugger Guillod<\/title>\n<meta name=\"description\" content=\"L\u2019entreprise Gugger-Guillod SA est sp\u00e9cialis\u00e9e dans stockage, nettoyage et conditionnement d\u2019oignons et \u00e9chalotes ainsi que dans le conditionnement de divers l\u00e9gumes suisses de saison. En 2023 l\u2019entreprise a \u00e9t\u00e9 acquise par huit mara\u00eechers du Seeland. Nous r\u00e9alisons \u00e9galement une gamme d\u2019oignons et \u00e9chalotes pel\u00e9s ou surgel\u00e9s en diff\u00e9rents formats principalement destin\u00e9e \u00e0 la gastronomie.\" \/>\n<meta name=\"robots\" content=\"index, follow, max-snippet:-1, max-image-preview:large, max-video-preview:-1\" \/>\n<link rel=\"canonical\" href=\"https:\/\/www.gugger-guillod.ch\/de\/a-propos\/\" \/>\n<meta property=\"og:locale\" content=\"de_DE\" \/>\n<meta property=\"og:type\" content=\"article\" \/>\n<meta property=\"og:title\" content=\"Qui sommes-nous - Gugger Guillod\" \/>\n<meta property=\"og:description\" content=\"L\u2019entreprise Gugger-Guillod SA est sp\u00e9cialis\u00e9e dans stockage, nettoyage et conditionnement d\u2019oignons et \u00e9chalotes ainsi que dans le conditionnement de divers l\u00e9gumes suisses de saison. En 2023 l\u2019entreprise a \u00e9t\u00e9 acquise par huit mara\u00eechers du Seeland. Nous r\u00e9alisons \u00e9galement une gamme d\u2019oignons et \u00e9chalotes pel\u00e9s ou surgel\u00e9s en diff\u00e9rents formats principalement destin\u00e9e \u00e0 la gastronomie.\" \/>\n<meta property=\"og:url\" content=\"https:\/\/www.gugger-guillod.ch\/de\/a-propos\/\" \/>\n<meta property=\"og:site_name\" content=\"Gugger Guillod\" \/>\n<meta property=\"article:publisher\" content=\"https:\/\/www.facebook.com\/gugger.guillod.ch\/\" \/>\n<meta property=\"article:modified_time\" content=\"2024-06-29T09:16:40+00:00\" \/>\n<meta name=\"twitter:card\" content=\"summary_large_image\" \/>\n<meta name=\"twitter:label1\" content=\"Gesch\u00e4tzte Lesezeit\" \/>\n\t<meta name=\"twitter:data1\" content=\"3\u00a0Minuten\" \/>\n<script type=\"application\/ld+json\" class=\"yoast-schema-graph\">{\"@context\":\"https:\\\/\\\/schema.org\",\"@graph\":[{\"@type\":\"WebPage\",\"@id\":\"https:\\\/\\\/www.gugger-guillod.ch\\\/a-propos\\\/\",\"url\":\"https:\\\/\\\/www.gugger-guillod.ch\\\/a-propos\\\/\",\"name\":\"Qui sommes-nous - Gugger Guillod\",\"isPartOf\":{\"@id\":\"https:\\\/\\\/www.gugger-guillod.ch\\\/#website\"},\"datePublished\":\"2024-01-16T15:37:39+00:00\",\"dateModified\":\"2024-06-29T09:16:40+00:00\",\"description\":\"L\u2019entreprise Gugger-Guillod SA est sp\u00e9cialis\u00e9e dans stockage, nettoyage et conditionnement d\u2019oignons et \u00e9chalotes ainsi que dans le conditionnement de divers l\u00e9gumes suisses de saison. En 2023 l\u2019entreprise a \u00e9t\u00e9 acquise par huit mara\u00eechers du Seeland. Nous r\u00e9alisons \u00e9galement une gamme d\u2019oignons et \u00e9chalotes pel\u00e9s ou surgel\u00e9s en diff\u00e9rents formats principalement destin\u00e9e \u00e0 la gastronomie.\",\"breadcrumb\":{\"@id\":\"https:\\\/\\\/www.gugger-guillod.ch\\\/a-propos\\\/#breadcrumb\"},\"inLanguage\":\"de-CH\",\"potentialAction\":[{\"@type\":\"ReadAction\",\"target\":[\"https:\\\/\\\/www.gugger-guillod.ch\\\/a-propos\\\/\"]}]},{\"@type\":\"BreadcrumbList\",\"@id\":\"https:\\\/\\\/www.gugger-guillod.ch\\\/a-propos\\\/#breadcrumb\",\"itemListElement\":[{\"@type\":\"ListItem\",\"position\":1,\"name\":\"Accueil\",\"item\":\"https:\\\/\\\/www.gugger-guillod.ch\\\/\"},{\"@type\":\"ListItem\",\"position\":2,\"name\":\"Qui sommes-nous\"}]},{\"@type\":\"WebSite\",\"@id\":\"https:\\\/\\\/www.gugger-guillod.ch\\\/#website\",\"url\":\"https:\\\/\\\/www.gugger-guillod.ch\\\/\",\"name\":\"Gugger Guillod\",\"description\":\"\",\"publisher\":{\"@id\":\"https:\\\/\\\/www.gugger-guillod.ch\\\/#organization\"},\"potentialAction\":[{\"@type\":\"SearchAction\",\"target\":{\"@type\":\"EntryPoint\",\"urlTemplate\":\"https:\\\/\\\/www.gugger-guillod.ch\\\/?s={search_term_string}\"},\"query-input\":{\"@type\":\"PropertyValueSpecification\",\"valueRequired\":true,\"valueName\":\"search_term_string\"}}],\"inLanguage\":\"de-CH\"},{\"@type\":\"Organization\",\"@id\":\"https:\\\/\\\/www.gugger-guillod.ch\\\/#organization\",\"name\":\"Gugger Guillod\",\"url\":\"https:\\\/\\\/www.gugger-guillod.ch\\\/\",\"logo\":{\"@type\":\"ImageObject\",\"inLanguage\":\"de-CH\",\"@id\":\"https:\\\/\\\/www.gugger-guillod.ch\\\/#\\\/schema\\\/logo\\\/image\\\/\",\"url\":\"https:\\\/\\\/www.gugger-guillod.ch\\\/wp-content\\\/uploads\\\/2024\\\/05\\\/gg-logo-black-text.png\",\"contentUrl\":\"https:\\\/\\\/www.gugger-guillod.ch\\\/wp-content\\\/uploads\\\/2024\\\/05\\\/gg-logo-black-text.png\",\"width\":920,\"height\":147,\"caption\":\"Gugger Guillod\"},\"image\":{\"@id\":\"https:\\\/\\\/www.gugger-guillod.ch\\\/#\\\/schema\\\/logo\\\/image\\\/\"},\"sameAs\":[\"https:\\\/\\\/www.facebook.com\\\/gugger.guillod.ch\\\/\"]}]}<\/script>\n<!-- \/ Yoast SEO plugin. -->","yoast_head_json":{"title":"Qui sommes-nous - Gugger Guillod","description":"Das Unternehmen Gugger-Guillod SA ist auf die Lagerung, Reinigung und Verpackung von Zwiebeln und Schalotten sowie auf die Verpackung von verschiedenen Schweizer Saisongem\u00fcse spezialisiert. Im Jahr 2023 wurde das Unternehmen von acht Gem\u00fcsebauern aus dem Seeland \u00fcbernommen. Wir produzieren auch eine Reihe von gesch\u00e4lten oder tiefgefrorenen Zwiebeln und Schalotten in verschiedenen Formaten, die haupts\u00e4chlich f\u00fcr die Gastronomie bestimmt sind.","robots":{"index":"index","follow":"follow","max-snippet":"max-snippet:-1","max-image-preview":"max-image-preview:large","max-video-preview":"max-video-preview:-1"},"canonical":"https:\/\/www.gugger-guillod.ch\/de\/a-propos\/","og_locale":"de_DE","og_type":"article","og_title":"Qui sommes-nous - Gugger Guillod","og_description":"L\u2019entreprise Gugger-Guillod SA est sp\u00e9cialis\u00e9e dans stockage, nettoyage et conditionnement d\u2019oignons et \u00e9chalotes ainsi que dans le conditionnement de divers l\u00e9gumes suisses de saison. En 2023 l\u2019entreprise a \u00e9t\u00e9 acquise par huit mara\u00eechers du Seeland. Nous r\u00e9alisons \u00e9galement une gamme d\u2019oignons et \u00e9chalotes pel\u00e9s ou surgel\u00e9s en diff\u00e9rents formats principalement destin\u00e9e \u00e0 la gastronomie.","og_url":"https:\/\/www.gugger-guillod.ch\/de\/a-propos\/","og_site_name":"Gugger Guillod","article_publisher":"https:\/\/www.facebook.com\/gugger.guillod.ch\/","article_modified_time":"2024-06-29T09:16:40+00:00","twitter_card":"summary_large_image","twitter_misc":{"Gesch\u00e4tzte Lesezeit":"3\u00a0Minuten"},"schema":{"@context":"https:\/\/schema.org","@graph":[{"@type":"WebPage","@id":"https:\/\/www.gugger-guillod.ch\/a-propos\/","url":"https:\/\/www.gugger-guillod.ch\/a-propos\/","name":"Qui sommes-nous - Gugger Guillod","isPartOf":{"@id":"https:\/\/www.gugger-guillod.ch\/#website"},"datePublished":"2024-01-16T15:37:39+00:00","dateModified":"2024-06-29T09:16:40+00:00","description":"Das Unternehmen Gugger-Guillod SA ist auf die Lagerung, Reinigung und Verpackung von Zwiebeln und Schalotten sowie auf die Verpackung von verschiedenen Schweizer Saisongem\u00fcse spezialisiert. Im Jahr 2023 wurde das Unternehmen von acht Gem\u00fcsebauern aus dem Seeland \u00fcbernommen. Wir produzieren auch eine Reihe von gesch\u00e4lten oder tiefgefrorenen Zwiebeln und Schalotten in verschiedenen Formaten, die haupts\u00e4chlich f\u00fcr die Gastronomie bestimmt sind.","breadcrumb":{"@id":"https:\/\/www.gugger-guillod.ch\/a-propos\/#breadcrumb"},"inLanguage":"de-CH","potentialAction":[{"@type":"ReadAction","target":["https:\/\/www.gugger-guillod.ch\/a-propos\/"]}]},{"@type":"BreadcrumbList","@id":"https:\/\/www.gugger-guillod.ch\/a-propos\/#breadcrumb","itemListElement":[{"@type":"ListItem","position":1,"name":"Accueil","item":"https:\/\/www.gugger-guillod.ch\/"},{"@type":"ListItem","position":2,"name":"Qui sommes-nous"}]},{"@type":"WebSite","@id":"https:\/\/www.gugger-guillod.ch\/#website","url":"https:\/\/www.gugger-guillod.ch\/","name":"Gugger Guillod","description":"","publisher":{"@id":"https:\/\/www.gugger-guillod.ch\/#organization"},"potentialAction":[{"@type":"SearchAction","target":{"@type":"EntryPoint","urlTemplate":"https:\/\/www.gugger-guillod.ch\/?s={search_term_string}"},"query-input":{"@type":"PropertyValueSpecification","valueRequired":true,"valueName":"search_term_string"}}],"inLanguage":"de-CH"},{"@type":"Organization","@id":"https:\/\/www.gugger-guillod.ch\/#organization","name":"Gugger Guillod","url":"https:\/\/www.gugger-guillod.ch\/","logo":{"@type":"ImageObject","inLanguage":"de-CH","@id":"https:\/\/www.gugger-guillod.ch\/#\/schema\/logo\/image\/","url":"https:\/\/www.gugger-guillod.ch\/wp-content\/uploads\/2024\/05\/gg-logo-black-text.png","contentUrl":"https:\/\/www.gugger-guillod.ch\/wp-content\/uploads\/2024\/05\/gg-logo-black-text.png","width":920,"height":147,"caption":"Gugger Guillod"},"image":{"@id":"https:\/\/www.gugger-guillod.ch\/#\/schema\/logo\/image\/"},"sameAs":["https:\/\/www.facebook.com\/gugger.guillod.ch\/"]}]}},"_links":{"self":[{"href":"https:\/\/www.gugger-guillod.ch\/de\/wp-json\/wp\/v2\/pages\/22","targetHints":{"allow":["GET"]}}],"collection":[{"href":"https:\/\/www.gugger-guillod.ch\/de\/wp-json\/wp\/v2\/pages"}],"about":[{"href":"https:\/\/www.gugger-guillod.ch\/de\/wp-json\/wp\/v2\/types\/page"}],"author":[{"embeddable":true,"href":"https:\/\/www.gugger-guillod.ch\/de\/wp-json\/wp\/v2\/users\/1"}],"replies":[{"embeddable":true,"href":"https:\/\/www.gugger-guillod.ch\/de\/wp-json\/wp\/v2\/comments?post=22"}],"version-history":[{"count":2,"href":"https:\/\/www.gugger-guillod.ch\/de\/wp-json\/wp\/v2\/pages\/22\/revisions"}],"predecessor-version":[{"id":59,"href":"https:\/\/www.gugger-guillod.ch\/de\/wp-json\/wp\/v2\/pages\/22\/revisions\/59"}],"wp:attachment":[{"href":"https:\/\/www.gugger-guillod.ch\/de\/wp-json\/wp\/v2\/media?parent=22"}],"curies":[{"name":"wp","href":"https:\/\/api.w.org\/{rel}","templated":true}]}}