{"id":24,"date":"2024-01-16T16:38:08","date_gmt":"2024-01-16T15:38:08","guid":{"rendered":"http:\/\/735.a44.mywebsitetransfer.com\/?page_id=24"},"modified":"2024-06-27T09:22:38","modified_gmt":"2024-06-27T07:22:38","slug":"assortiment","status":"publish","type":"page","link":"https:\/\/www.gugger-guillod.ch\/de\/assortiment\/","title":{"rendered":"Sortiment"},"content":{"rendered":"","protected":false},"excerpt":{"rendered":"","protected":false},"author":1,"featured_media":0,"parent":0,"menu_order":0,"comment_status":"closed","ping_status":"closed","template":"","meta":{"footnotes":""},"class_list":["post-24","page","type-page","status-publish","hentry"],"yoast_head":"<!-- This site is optimized with the Yoast SEO plugin v27.4 - https:\/\/yoast.com\/product\/yoast-seo-wordpress\/ -->\n<title>Assortiment - Gugger Guillod<\/title>\n<meta name=\"description\" content=\"Les oignons et les \u00e9chalotes sont conditionn\u00e9s en filets, \u00e9pluch\u00e9s et vendus sous vide, ou congel\u00e9s en cubes ou en lamelles. Les oignons et les \u00e9chalotes, mais aussi divers fruits et l\u00e9gumes de saison, proviennent principalement de la r\u00e9gion de Z\u00e9lande.\" \/>\n<meta name=\"robots\" content=\"index, follow, max-snippet:-1, max-image-preview:large, max-video-preview:-1\" \/>\n<link rel=\"canonical\" href=\"https:\/\/www.gugger-guillod.ch\/de\/assortiment\/\" \/>\n<meta property=\"og:locale\" content=\"de_DE\" \/>\n<meta property=\"og:type\" content=\"article\" \/>\n<meta property=\"og:title\" content=\"Assortiment - Gugger Guillod\" \/>\n<meta property=\"og:description\" content=\"Les oignons et les \u00e9chalotes sont conditionn\u00e9s en filets, \u00e9pluch\u00e9s et vendus sous vide, ou congel\u00e9s en cubes ou en lamelles. Les oignons et les \u00e9chalotes, mais aussi divers fruits et l\u00e9gumes de saison, proviennent principalement de la r\u00e9gion de Z\u00e9lande.\" \/>\n<meta property=\"og:url\" content=\"https:\/\/www.gugger-guillod.ch\/de\/assortiment\/\" \/>\n<meta property=\"og:site_name\" content=\"Gugger Guillod\" \/>\n<meta property=\"article:publisher\" content=\"https:\/\/www.facebook.com\/gugger.guillod.ch\/\" \/>\n<meta property=\"article:modified_time\" content=\"2024-06-27T07:22:38+00:00\" \/>\n<meta name=\"twitter:card\" content=\"summary_large_image\" \/>\n<meta name=\"twitter:label1\" content=\"Gesch\u00e4tzte Lesezeit\" \/>\n\t<meta name=\"twitter:data1\" content=\"4\u00a0Minuten\" \/>\n<script type=\"application\/ld+json\" class=\"yoast-schema-graph\">{\"@context\":\"https:\\\/\\\/schema.org\",\"@graph\":[{\"@type\":\"WebPage\",\"@id\":\"https:\\\/\\\/www.gugger-guillod.ch\\\/assortiment\\\/\",\"url\":\"https:\\\/\\\/www.gugger-guillod.ch\\\/assortiment\\\/\",\"name\":\"Assortiment - Gugger Guillod\",\"isPartOf\":{\"@id\":\"https:\\\/\\\/www.gugger-guillod.ch\\\/#website\"},\"datePublished\":\"2024-01-16T15:38:08+00:00\",\"dateModified\":\"2024-06-27T07:22:38+00:00\",\"description\":\"Les oignons et les \u00e9chalotes sont conditionn\u00e9s en filets, \u00e9pluch\u00e9s et vendus sous vide, ou congel\u00e9s en cubes ou en lamelles. Les oignons et les \u00e9chalotes, mais aussi divers fruits et l\u00e9gumes de saison, proviennent principalement de la r\u00e9gion de Z\u00e9lande.\",\"breadcrumb\":{\"@id\":\"https:\\\/\\\/www.gugger-guillod.ch\\\/assortiment\\\/#breadcrumb\"},\"inLanguage\":\"de-CH\",\"potentialAction\":[{\"@type\":\"ReadAction\",\"target\":[\"https:\\\/\\\/www.gugger-guillod.ch\\\/assortiment\\\/\"]}]},{\"@type\":\"BreadcrumbList\",\"@id\":\"https:\\\/\\\/www.gugger-guillod.ch\\\/assortiment\\\/#breadcrumb\",\"itemListElement\":[{\"@type\":\"ListItem\",\"position\":1,\"name\":\"Accueil\",\"item\":\"https:\\\/\\\/www.gugger-guillod.ch\\\/\"},{\"@type\":\"ListItem\",\"position\":2,\"name\":\"Assortiment\"}]},{\"@type\":\"WebSite\",\"@id\":\"https:\\\/\\\/www.gugger-guillod.ch\\\/#website\",\"url\":\"https:\\\/\\\/www.gugger-guillod.ch\\\/\",\"name\":\"Gugger Guillod\",\"description\":\"\",\"publisher\":{\"@id\":\"https:\\\/\\\/www.gugger-guillod.ch\\\/#organization\"},\"potentialAction\":[{\"@type\":\"SearchAction\",\"target\":{\"@type\":\"EntryPoint\",\"urlTemplate\":\"https:\\\/\\\/www.gugger-guillod.ch\\\/?s={search_term_string}\"},\"query-input\":{\"@type\":\"PropertyValueSpecification\",\"valueRequired\":true,\"valueName\":\"search_term_string\"}}],\"inLanguage\":\"de-CH\"},{\"@type\":\"Organization\",\"@id\":\"https:\\\/\\\/www.gugger-guillod.ch\\\/#organization\",\"name\":\"Gugger Guillod\",\"url\":\"https:\\\/\\\/www.gugger-guillod.ch\\\/\",\"logo\":{\"@type\":\"ImageObject\",\"inLanguage\":\"de-CH\",\"@id\":\"https:\\\/\\\/www.gugger-guillod.ch\\\/#\\\/schema\\\/logo\\\/image\\\/\",\"url\":\"https:\\\/\\\/www.gugger-guillod.ch\\\/wp-content\\\/uploads\\\/2024\\\/05\\\/gg-logo-black-text.png\",\"contentUrl\":\"https:\\\/\\\/www.gugger-guillod.ch\\\/wp-content\\\/uploads\\\/2024\\\/05\\\/gg-logo-black-text.png\",\"width\":920,\"height\":147,\"caption\":\"Gugger Guillod\"},\"image\":{\"@id\":\"https:\\\/\\\/www.gugger-guillod.ch\\\/#\\\/schema\\\/logo\\\/image\\\/\"},\"sameAs\":[\"https:\\\/\\\/www.facebook.com\\\/gugger.guillod.ch\\\/\"]}]}<\/script>\n<!-- \/ Yoast SEO plugin. -->","yoast_head_json":{"title":"Assortiment - Gugger Guillod","description":"Les oignons et les \u00e9chalotes sont conditionn\u00e9s en filets, \u00e9pluch\u00e9s et vendus sous vide, ou congel\u00e9s en cubes ou en lamelles. Les oignons et les \u00e9chalotes, mais aussi divers fruits et l\u00e9gumes de saison, proviennent principalement de la r\u00e9gion de Z\u00e9lande.","robots":{"index":"index","follow":"follow","max-snippet":"max-snippet:-1","max-image-preview":"max-image-preview:large","max-video-preview":"max-video-preview:-1"},"canonical":"https:\/\/www.gugger-guillod.ch\/de\/assortiment\/","og_locale":"de_DE","og_type":"article","og_title":"Assortiment - Gugger Guillod","og_description":"Les oignons et les \u00e9chalotes sont conditionn\u00e9s en filets, \u00e9pluch\u00e9s et vendus sous vide, ou congel\u00e9s en cubes ou en lamelles. Les oignons et les \u00e9chalotes, mais aussi divers fruits et l\u00e9gumes de saison, proviennent principalement de la r\u00e9gion de Z\u00e9lande.","og_url":"https:\/\/www.gugger-guillod.ch\/de\/assortiment\/","og_site_name":"Gugger Guillod","article_publisher":"https:\/\/www.facebook.com\/gugger.guillod.ch\/","article_modified_time":"2024-06-27T07:22:38+00:00","twitter_card":"summary_large_image","twitter_misc":{"Gesch\u00e4tzte Lesezeit":"4\u00a0Minuten"},"schema":{"@context":"https:\/\/schema.org","@graph":[{"@type":"WebPage","@id":"https:\/\/www.gugger-guillod.ch\/assortiment\/","url":"https:\/\/www.gugger-guillod.ch\/assortiment\/","name":"Assortiment - Gugger Guillod","isPartOf":{"@id":"https:\/\/www.gugger-guillod.ch\/#website"},"datePublished":"2024-01-16T15:38:08+00:00","dateModified":"2024-06-27T07:22:38+00:00","description":"Les oignons et les \u00e9chalotes sont conditionn\u00e9s en filets, \u00e9pluch\u00e9s et vendus sous vide, ou congel\u00e9s en cubes ou en lamelles. Les oignons et les \u00e9chalotes, mais aussi divers fruits et l\u00e9gumes de saison, proviennent principalement de la r\u00e9gion de Z\u00e9lande.","breadcrumb":{"@id":"https:\/\/www.gugger-guillod.ch\/assortiment\/#breadcrumb"},"inLanguage":"de-CH","potentialAction":[{"@type":"ReadAction","target":["https:\/\/www.gugger-guillod.ch\/assortiment\/"]}]},{"@type":"BreadcrumbList","@id":"https:\/\/www.gugger-guillod.ch\/assortiment\/#breadcrumb","itemListElement":[{"@type":"ListItem","position":1,"name":"Accueil","item":"https:\/\/www.gugger-guillod.ch\/"},{"@type":"ListItem","position":2,"name":"Assortiment"}]},{"@type":"WebSite","@id":"https:\/\/www.gugger-guillod.ch\/#website","url":"https:\/\/www.gugger-guillod.ch\/","name":"Gugger Guillod","description":"","publisher":{"@id":"https:\/\/www.gugger-guillod.ch\/#organization"},"potentialAction":[{"@type":"SearchAction","target":{"@type":"EntryPoint","urlTemplate":"https:\/\/www.gugger-guillod.ch\/?s={search_term_string}"},"query-input":{"@type":"PropertyValueSpecification","valueRequired":true,"valueName":"search_term_string"}}],"inLanguage":"de-CH"},{"@type":"Organization","@id":"https:\/\/www.gugger-guillod.ch\/#organization","name":"Gugger Guillod","url":"https:\/\/www.gugger-guillod.ch\/","logo":{"@type":"ImageObject","inLanguage":"de-CH","@id":"https:\/\/www.gugger-guillod.ch\/#\/schema\/logo\/image\/","url":"https:\/\/www.gugger-guillod.ch\/wp-content\/uploads\/2024\/05\/gg-logo-black-text.png","contentUrl":"https:\/\/www.gugger-guillod.ch\/wp-content\/uploads\/2024\/05\/gg-logo-black-text.png","width":920,"height":147,"caption":"Gugger Guillod"},"image":{"@id":"https:\/\/www.gugger-guillod.ch\/#\/schema\/logo\/image\/"},"sameAs":["https:\/\/www.facebook.com\/gugger.guillod.ch\/"]}]}},"_links":{"self":[{"href":"https:\/\/www.gugger-guillod.ch\/de\/wp-json\/wp\/v2\/pages\/24","targetHints":{"allow":["GET"]}}],"collection":[{"href":"https:\/\/www.gugger-guillod.ch\/de\/wp-json\/wp\/v2\/pages"}],"about":[{"href":"https:\/\/www.gugger-guillod.ch\/de\/wp-json\/wp\/v2\/types\/page"}],"author":[{"embeddable":true,"href":"https:\/\/www.gugger-guillod.ch\/de\/wp-json\/wp\/v2\/users\/1"}],"replies":[{"embeddable":true,"href":"https:\/\/www.gugger-guillod.ch\/de\/wp-json\/wp\/v2\/comments?post=24"}],"version-history":[{"count":1,"href":"https:\/\/www.gugger-guillod.ch\/de\/wp-json\/wp\/v2\/pages\/24\/revisions"}],"predecessor-version":[{"id":25,"href":"https:\/\/www.gugger-guillod.ch\/de\/wp-json\/wp\/v2\/pages\/24\/revisions\/25"}],"wp:attachment":[{"href":"https:\/\/www.gugger-guillod.ch\/de\/wp-json\/wp\/v2\/media?parent=24"}],"curies":[{"name":"wp","href":"https:\/\/api.w.org\/{rel}","templated":true}]}}